{"id":2144,"date":"2024-01-17T15:29:07","date_gmt":"2024-01-17T13:29:07","guid":{"rendered":"https:\/\/xpertaluminiu.ro\/?page_id=2144"},"modified":"2024-01-18T15:54:57","modified_gmt":"2024-01-18T13:54:57","slug":"termeni-si-conditii","status":"publish","type":"page","link":"https:\/\/xpertaluminiu.ro\/en\/termeni-si-conditii\/","title":{"rendered":"Terms and conditions"},"content":{"rendered":"<div data-elementor-type=\"wp-page\" data-elementor-id=\"2144\" class=\"elementor elementor-2144\" data-elementor-post-type=\"page\">\n\t\t\t\t\t\t<section class=\"elementor-section elementor-top-section elementor-element elementor-element-2373554a elementor-section-boxed elementor-section-height-default elementor-section-height-default\" data-id=\"2373554a\" data-element_type=\"section\" data-e-type=\"section\" data-settings=\"{&quot;background_background&quot;:&quot;classic&quot;}\">\n\t\t\t\t\t\t<div class=\"elementor-container elementor-column-gap-default\">\n\t\t\t\t\t<div class=\"elementor-column elementor-col-100 elementor-top-column elementor-element elementor-element-42ff7920\" data-id=\"42ff7920\" data-element_type=\"column\" data-e-type=\"column\">\n\t\t\t<div class=\"elementor-widget-wrap elementor-element-populated\">\n\t\t\t\t\t\t<div class=\"elementor-element elementor-element-44feac39 elementor-invisible elementor-widget elementor-widget-heading\" data-id=\"44feac39\" data-element_type=\"widget\" data-e-type=\"widget\" data-settings=\"{&quot;_animation&quot;:&quot;fadeInUp&quot;}\" data-widget_type=\"heading.default\">\n\t\t\t\t<div class=\"elementor-widget-container\">\n\t\t\t\t\t<h3 class=\"elementor-heading-title elementor-size-default\">Terms and conditions<\/h3>\t\t\t\t<\/div>\n\t\t\t\t<\/div>\n\t\t\t\t<div class=\"elementor-element elementor-element-7537cc07 elementor-icon-list--layout-inline elementor-align-center elementor-list-item-link-full_width elementor-invisible elementor-widget elementor-widget-icon-list\" data-id=\"7537cc07\" data-element_type=\"widget\" data-e-type=\"widget\" data-settings=\"{&quot;_animation&quot;:&quot;fadeInUp&quot;}\" data-widget_type=\"icon-list.default\">\n\t\t\t\t<div class=\"elementor-widget-container\">\n\t\t\t\t\t\t\t<ul class=\"elementor-icon-list-items elementor-inline-items\">\n\t\t\t\t\t\t\t<li class=\"elementor-icon-list-item elementor-inline-item\">\n\t\t\t\t\t\t\t\t\t\t\t<a href=\"#\">\n\n\t\t\t\t\t\t\t\t\t\t\t<span class=\"elementor-icon-list-text\">Home<\/span>\n\t\t\t\t\t\t\t\t\t\t\t<\/a>\n\t\t\t\t\t\t\t\t\t<\/li>\n\t\t\t\t\t\t\t\t<li class=\"elementor-icon-list-item elementor-inline-item\">\n\t\t\t\t\t\t\t\t\t\t<span class=\"elementor-icon-list-text\">Terms and conditions<\/span>\n\t\t\t\t\t\t\t\t\t<\/li>\n\t\t\t\t\t\t<\/ul>\n\t\t\t\t\t\t<\/div>\n\t\t\t\t<\/div>\n\t\t\t\t\t<\/div>\n\t\t<\/div>\n\t\t\t\t\t<\/div>\n\t\t<\/section>\n\t\t\t\t<section class=\"elementor-section elementor-top-section elementor-element elementor-element-2b26fb17 elementor-section-boxed elementor-section-height-default elementor-section-height-default\" data-id=\"2b26fb17\" data-element_type=\"section\" data-e-type=\"section\">\n\t\t\t\t\t\t<div class=\"elementor-container elementor-column-gap-default\">\n\t\t\t\t\t<div class=\"elementor-column elementor-col-100 elementor-top-column elementor-element elementor-element-7b481976\" data-id=\"7b481976\" data-element_type=\"column\" data-e-type=\"column\">\n\t\t\t<div class=\"elementor-widget-wrap elementor-element-populated\">\n\t\t\t\t\t\t<div class=\"elementor-element elementor-element-34cf50bd continut-politica elementor-widget elementor-widget-text-editor\" data-id=\"34cf50bd\" data-element_type=\"widget\" data-e-type=\"widget\" data-widget_type=\"text-editor.default\">\n\t\t\t\t<div class=\"elementor-widget-container\">\n\t\t\t\t\t\t\t\t\t<p style=\"text-align: center;\"><strong>Terms and conditions<\/strong><\/p><p style=\"text-align: center;\"><strong>PENTRU UTILIZAREA WEBSITE-ULUI\u00a0<\/strong><a href=\"https:\/\/antinevralgic.ro\/\"><strong>XPERTALUMINIU.RO<\/strong><\/a><\/p><ol><li><strong> ASPECTE INTRODUCTIVE <\/strong><\/li><\/ol><p>Va mul\u021bumim ca a\u021bi accesat website-ul nostru. Acest website este administrat de de <strong>X-PERT ALUMINIU S.R.L.<\/strong>, persoan\u0103 juridic\u0103 rom\u00e2n\u0103, cu sediul social \u00een Mun. Ploiesti, Sos. Ploiesti-Targoviste km.8, Str. Piramidei nr. 6 A, Jude\u021b Prahova, \u00eenregistrat\u0103 la Registrul Comer\u021bului sub nr. J29\/1675\/2016, av\u00e2nd cod unic de \u00eenregistrare RO36542789 (&#8222;<strong>X-PERT ALUMINIU<\/strong> &#8222;) si stabile\u0219te instruc\u021biunile pentru to\u021bi utilizatorii de internet care vor vizita acest website.<\/p><p><strong>Utiliz\u00e2nd website-ul nostru, ve\u021bi g\u0103si informa\u021bii cu privire la serviciile pe care le presteaz\u0103 X-PERT ALUMINIU,\u00a0 precum \u0219i cu privire la solu\u021biile\/proiectele finalizate de c\u0103tre X-PERT ALUMINIU,\u00a0 ori tipurile de produse oferite c\u00e2t \u0219i o serie de bro\u0219uri care recomand\u0103 activitatea noastr\u0103.<\/strong><\/p><p>Pentru folosirea \u00een cele mai bune condi\u021bii a website-ului nostru, v\u0103 rug\u0103m s\u0103 parcurge\u021bi cu aten\u021bie Termenii si Condi\u021biile de mai jos. Astfel, prin accesarea \u015fi\/sau utilizarea acestui website, confirma\u021bi c\u0103 a\u021bi citit, \u00een\u021beles \u015fi sunte\u021bi de acord cu Termenii \u015fi condi\u021biile de utilizare. \u00cen cazul in care nu sunte\u021bi de acord, v\u0103 rug\u0103m s\u0103 nu continua\u021bi navigarea pe acest website. Dac\u0103 una dintre prevederile de mai jos se dovede\u0219te a fi nul\u0103 sau invalid\u0103, toate celelalte prevederi r\u0103m\u00e2n valabile.<\/p><p>Fiecare utilizator \u00ee\u015fi asum\u0103 r\u0103spunderea pentru utilizarea acestui website. Astfel, nu ve\u021bi \u00eentreprinde nicio ac\u021biune care s\u0103 deterioreze, \u00eempiedice, perturbe accesul la, \u00eentrerup\u0103 ori s\u0103 afecteze func\u021bionarea acestui website \u0219i sunte\u021bi de acord s\u0103 ac\u021biona\u021bi \u00eentotdeauna conform prevederilor legale \u00een ceea ce prive\u0219te accesarea \u015fi utilizarea acestui website.<\/p><p>X-PERT ALUMINIU \u00ee\u0219i rezerv\u0103 dreptul de a modifica, ad\u0103uga ori \u0219terge \u00een tot sau \u00een parte informa\u021biile prezentate pe website, modific\u0103rile produc\u00e2nd efecte la momentul post\u0103rii, f\u0103r\u0103 o notificare prealabil\u0103. De asemenea, ne rezerv\u0103m dreptul de a suspenda accesul la acest website ori de a \u00eel \u00eenchide pe perioad\u0103 nedeterminat\u0103, dac\u0103 va fi necesar.<\/p><ol start=\"2\"><li><strong> PROPRIETATE INTELECTUAL\u0102<\/strong><\/li><\/ol><p>Materialele de pe website (care includ, dar f\u0103r\u0103 a se limita la logo-uri, imagini, text, video-uri, reprezent\u0103ri stilizate, m\u0103rci) sunt proprietatea intelectuala a X-PERT ALUMINIU sau, dup\u0103 caz, sunt publicate cu acordul ter\u021bilor care de\u021bin dreptul de proprietate intelectuala asupra acestor materiale. Acestea nu pot fi copiate, reproduse, modificate, republicate, \u00eenc\u0103rcate, denaturate, transmise sau distribuite \u00een niciun fel, total sau par\u021bial, f\u0103r\u0103 acordul prealabil scris al X-PERT ALUMINIU,\u00a0 cu excep\u021bia unei singure copii pe care o pute\u0163i desc\u0103rca pentru uz personal, non-comercial, cu condi\u021bia s\u0103 respecta\u021bi drepturile de proprietate intelectual\u0103 \u015fi orice alte drepturi conexe men\u021bionate. Folosirea acestor materiale \u00een scop comercial este interzis\u0103 si poate atrage r\u0103spunderea civila \u0219i\/sau penal\u0103, conform prevederilor legale aplicabile.<\/p><p>Urm\u0103toarea notificare va ap\u0103rea pe toate copiile par\u0163iale sau totale ale cuprinsului Site-ului: \u201c\u00a9 X-PERT ALUMINIU S.R.L. \u2013 TOATE DREPTURILE REZERVATE\u201d. X-PERT ALUMINIU \u00ee\u015fi rezerv\u0103 dreptul de a-si proteja \u00een instan\u0163\u0103 drepturile sale \u00eempotriva \u00eenc\u0103lc\u0103rii propriet\u0103\u021bii intelectuale.<\/p><ol start=\"3\"><li><strong> NATURA SI ACURATETEA INFORMA\u021aIILOR<\/strong><\/li><\/ol><p>Informa\u021biile din acest website au caracter de prezentare a activit\u0103\u021bii desf\u0103\u0219urate de X-PERT ALUMINIU,\u00a0 iar societatea va lua toate m\u0103surile pentru a se asigura c\u0103 informa\u021biile postate sunt actualizate, reale \u015fi corecte. X-PERT ALUMINIU nu garanteaz\u0103 autenticitatea materialelor \u015fi renun\u0163\u0103 \u00een mod clar la responsabilitatea \u015fi angajamentul fa\u0163\u0103 de informa\u021biile furnizate pe aceste site-uri. Nici X-PERT ALUMINIU \u015fi nici alt\u0103 parte implicat\u0103 \u00een realizarea \u015fi func\u021bionarea website-ului nu vor fi responsabile pentru nicio eroare, daun\u0103 (direct\u0103 sau indirect\u0103), pierdere de date sau eroare a cuprinsului sau lipsurilor website-ului, care pot s\u0103 apar\u0103 direct, indirect sau incident la vizitarea website-ului. Nu trebuie s\u0103 v\u0103 baza\u021bi pe ele pentru niciun anumit scop, \u0219i nu se da nicio interpretare sau garan\u021bie in ceea ce prive\u0219te exactitatea sau \u00eentregimea acestora.<\/p><ol start=\"4\"><li><strong> ACCESS LA WEBSITE SI UTILIZAREA ACESTUIA<\/strong><\/li><\/ol><p>Website-ul este accesibil 24 de ore din 24, mai pu\u021bin atunci c\u00e2nd se efectueaz\u0103 opera\u021biuni de mentenan\u021b\u0103 sau reconstruc\u021bie. X-PERT ALUMINIU nu \u00ee\u0219i asuma r\u0103spunderea pentru \u00eent\u00e2rzierile sau imposibilitatea de accesare\/utilizare a website-ului.<\/p><p>In acest sens, admite\u021bi c\u0103 (i) din punct de vedere tehnic este imposibil ca website-ul s\u0103 nu includ\u0103 erori \u015fi c\u0103 X-PERT ALUMINIU nu poate fi responsabil\u0103 \u00een acest sens, (ii) erorile pot duce la indisponibilitate temporar\u0103 a website-ului \u015fi c\u0103 (iii) func\u0163ionarea site-ului poate fi influen\u0163at\u0103 negativ de circumstan\u0163e ce nu pot fi controlate de X-PERT ALUMINIU precum, spre exemplu, leg\u0103turi de transmisie \u015fi telecomunicare \u00eentre X-PERT ALUMINIU \u015fi dumneavoastr\u0103 \u015fi \u00eentre X-PERT ALUMINIU \u015fi alte sisteme \u015fi re\u0163ele. X-PERT ALUMINIU \u015fi\/sau furnizorii acestuia pot, \u00een orice moment, temporar sau permanent, s\u0103 modifice sau \u00eentrerup\u0103 accesul la \u00eentregul sau o parte din website pentru a realiza lucr\u0103ri de \u00eentre\u021binere \u015fi\/sau aduce \u00eembun\u0103t\u0103\u021biri \u015fi\/sau schimb\u0103ri website-ului. X-PERT ALUMINIU nu este responsabil\u0103 pentru modificarea, suspendarea sau \u00eentreruperea accesului la website.<\/p><p>Este interzis\u0103 folosirea acestui website in scopul \u00eenc\u0103rc\u0103rii, desc\u0103rc\u0103rii, public\u0103rii sau transmiterii oric\u0103ror informa\u021bii al c\u0103ror con\u021binut este ilegal sau imoral, con\u021bine viru\u0219i, este contrar bunelor moravuri sau ordinii publice. X-PERT ALUMINIU nu va fi r\u0103spunz\u0103tor pentru niciun fel de daune produse ca urmare a unui tip de comunicare din categoria celor men\u021bionate anterior.<\/p><p>In plus, este interzis sa folosi\u021bi website-ul pentru a afi\u0219a sau transmite orice fel de material ce are caracter amenin\u021b\u0103tor, fals, \u00een\u0219el\u0103tor, abuziv, de hartuire, licen\u021bios, calomniator, vulgar, scandalos, instigator, profanator, sau orice alt fel de material care poate constitui sau \u00eencuraja un comportament ce va putea da na\u0219tere unei infractiuni, sau ar putea conduce la r\u0103spunderea civil\u0103 sau ar \u00eencalc\u0103 legea.<\/p><p>Este interzis\u0103 folosirea unei adrese false de e-mail sau transmiterea, in mod nelegitim, de mesaje electronice sau orice alte comunic\u0103ri in numele unei alte persoane fizice sau juridice sau in numele oric\u0103rei alte entit\u0103\u021bi.<\/p><p>X-PERT ALUMINIU nu poate fi \u021binut\u0103 r\u0103spunz\u0103toare pentru nicio pierdere, distrugere sau cheltuial\u0103 care ar putea decurge din accesarea sau utilizarea acestui website.<\/p><p>Este interzis sa utiliza\u021bi website-ul \u00een scopuri publicitare sau comerciale de orice natur\u0103.<\/p><ol start=\"5\"><li><strong> LEG\u0102TUR\u0102 C\u0102TRE ALTE WEBSITE\u2010URI<\/strong><\/li><\/ol><p>Website-ul poate con\u021bine leg\u0103turi conexe (numite hyperlink-uri sau link-uri), care permit conectarea automat\u0103 la diferite pagini de internet. Includerea acestor leg\u0103turi conexe este realizat\u0103, de regul\u0103, pentru ajutorul sau in interesul utilizatorului sau in scop publicitar si de informare. Accesarea serviciilor si a informa\u021biilor g\u0103site pe aceste website-uri conexe se realizeaz\u0103 de c\u0103tre utilizator exclusiv pe propriul risc. X-PERT ALUMINIU ofer\u0103 doar posibilitatea acces\u0103rii website-urilor conexe, neput\u00e2nd fi f\u0103cut\u0103 r\u0103spunz\u0103toare pentru nicio pierdere, de orice natur\u0103, cu privire la con\u021binutul, indisponibilitatea, calitatea sau natura acestor website-uri conexe. Nicio informa\u021bie din aceste website-uri conexe nu a fost verificat\u0103 sau garantat\u0103 de X-PERT ALUMINIU.<\/p><ol start=\"6\"><li><strong> LIMITAREA R\u0102SPUNDERII<\/strong><\/li><\/ol><p>X-PERT ALUMINIU nu garanteaz\u0103 c\u0103 acest website, informa\u021biile g\u0103zduite \u0219i fi\u0219ierele \u00eenc\u0103rcate sau desc\u0103rcate de pe acest website nu vor fi expuse riscului de a fi contaminate cu viru\u0219i. Este exclusiv responsabilitatea dumneavoastr\u0103 s\u0103 implementa\u021bi m\u0103suri de securitate IT adecvate (inclusiv antivirus).<\/p><p>X-PERT ALUMINIU va lua toate m\u0103surile pentru a asigura acurate\u021bea \u015fi actualizarea informa\u021biilor postate pe website \u015fi de conformarea la legisla\u021bia aplicabil\u0103. Societatea \u00ee\u015fi rezerv\u0103 dreptul de a schimba con\u021binutul website-ului oric\u00e2nd \u015fi f\u0103r\u0103 un preaviz. De asemenea, X-PERT ALUMINIU nu garanteaz\u0103 integral corectitudinea, precizia, actualizarea sau caracterul exhaustiv al informa\u021biilor puse la dispozi\u021bie pe acest website.\u00a0<\/p><p>Drept urmare \u015fi cu excep\u0163ia daunelor directe rezultate din conduita ilicit\u0103 inten\u021bionat\u0103 sau neglijen\u021ba major\u0103 din partea X-PERT ALUMINIU,\u00a0 aceasta din urm\u0103 nu poate fi responsabil\u0103 pentru: (i) incorectitudinea sau omiterea informa\u021biilor de pe website; (ii) orice daun\u0103 rezultat\u0103 din accesul neautorizat al unei ter\u0163e p\u0103r\u0163i care duce la modificarea informa\u0163iilor sau materialelor furnizate pe website; (iii) la modul general, pentru orice daun\u0103, direct\u0103 sau indirect\u0103, indiferent de cauza, originea, natura sau consecin\u021ba acesteia, chiar dac\u0103 X-PERT ALUMINIU a prev\u0103zut o astfel de daun\u0103, care a ap\u0103rut din cauza (a) acces\u0103rii\/neacces\u0103rii site-ului, (b) utiliz\u0103rii site-ului timp \u00een care calculatorul sau produsul dumneavoastr\u0103 a fost virusat \u015fi\/sau (c) \u00eencrederii \u00een informa\u021biile furnizate direct sau indirect pe site.<\/p><ol start=\"7\"><li><strong> PROTECTIA DATELOR CU CARACTER PERSONAL<\/strong><\/li><\/ol><p>Utilizarea website-ului si\/sau a serviciilor disponibile implic\u0103 prelucrarea datelor cu caracter personale ale vizitatorilor. Prelucrarea datelor cu caracter personal se realizeaz\u0103 de catre X-PERT ALUMINIU,\u00a0 in calitate de operator de date, in conformitate cu Regulamentul (UE) 2016\/679 al Parlamentului European \u0219i al Consiliului din 27 aprilie 2016 privind protec\u021bia persoanelor fizice \u00een ceea ce prive\u0219te prelucrarea datelor cu caracter personal \u0219i privind libera circula\u021bie a acestor date \u0219i de abrogare a Directivei 95\/46\/CE si cu Politica X-PERT ALUMINIU cu privire la protec\u021bia datelor cu caracter personal, disponibila <a href=\"https:\/\/xpertaluminiu.ro\/en\/privacy-policy\/\">aici<\/a>.<\/p><ol start=\"8\"><li><strong> RECRUTARE <\/strong><\/li><\/ol><p>Dac\u0103 aplica\u021bi pentru o pozi\u021bie \u00een cadrul X-PERT ALUMINIU, men\u0163ionat\u0103 \u00een sec\u021biunea Cariere de pe acest website, CV-ul sau alte informa\u021bii pe care ni le furniza\u021bi vor fi utilizate exclusiv pentru examinarea solicit\u0103rii dumneavoastr\u0103, conform prevederilor din Politica de confiden\u021bialitate.<\/p><ol start=\"9\"><li><strong> POLITICA DE UTILIZARE COOKIE-URI<\/strong><\/li><\/ol><p>Website-ul X-PERT ALUMINIU utilizeaz\u0103 cookie-uri. Pentru informa\u021bii detaliate privind folosirea cookie-urilor v\u0103 rug\u0103m s\u0103 consulta\u021bi Politica de utilizare cookie-uri disponibil\u0103 <a href=\"https:\/\/xpertaluminiu.ro\/en\/politica-de-cookies\/\">aici<\/a>.<\/p><ol start=\"10\"><li><strong> LEGISLA\u021aIA APLICABIL\u0102<\/strong><\/li><\/ol><p>Website-ul \u015fi cuprinsul acestuia sunt guvernate de legisla\u0163ia rom\u00e2n\u0103. Toate disputele cu privire la website sau cuprinsul acestuia vor fi solu\u021bionate de instan\u0163ele competente din Rom\u00e2nia.<\/p>\t\t\t\t\t\t\t\t<\/div>\n\t\t\t\t<\/div>\n\t\t\t\t\t<\/div>\n\t\t<\/div>\n\t\t\t\t\t<\/div>\n\t\t<\/section>\n\t\t\t\t<\/div>","protected":false},"excerpt":{"rendered":"<p>Termeni \u0219i condi\u021bii Home Termeni \u0219i condi\u021bii Termeni \u0219i condi\u021bii PENTRU UTILIZAREA WEBSITE-ULUI\u00a0XPERTALUMINIU.RO ASPECTE INTRODUCTIVE Va mul\u021bumim ca a\u021bi accesat website-ul nostru. Acest website este administrat de de X-PERT ALUMINIU S.R.L., persoan\u0103 juridic\u0103 rom\u00e2n\u0103, cu sediul social \u00een Mun. Ploiesti, Sos. Ploiesti-Targoviste km.8, Str. Piramidei nr. 6 A, Jude\u021b Prahova, \u00eenregistrat\u0103 la Registrul Comer\u021bului sub [&hellip;]<\/p>","protected":false},"author":1,"featured_media":0,"parent":0,"menu_order":0,"comment_status":"closed","ping_status":"closed","template":"elementor_header_footer","meta":{"footnotes":""},"class_list":["post-2144","page","type-page","status-publish","hentry"],"yoast_head":"<!-- This site is optimized with the Yoast SEO plugin v26.9 - https:\/\/yoast.com\/product\/yoast-seo-wordpress\/ -->\n<title>Termeni \u0219i condi\u021bii - Xpert<\/title>\n<meta name=\"robots\" content=\"index, follow, max-snippet:-1, max-image-preview:large, max-video-preview:-1\" \/>\n<link rel=\"canonical\" href=\"https:\/\/xpertaluminiu.ro\/en\/termeni-si-conditii\/\" \/>\n<meta property=\"og:locale\" content=\"en_GB\" \/>\n<meta property=\"og:type\" content=\"article\" \/>\n<meta property=\"og:title\" content=\"Termeni \u0219i condi\u021bii - Xpert\" \/>\n<meta property=\"og:description\" content=\"Termeni \u0219i condi\u021bii Home Termeni \u0219i condi\u021bii Termeni \u0219i condi\u021bii PENTRU UTILIZAREA WEBSITE-ULUI\u00a0XPERTALUMINIU.RO ASPECTE INTRODUCTIVE Va mul\u021bumim ca a\u021bi accesat website-ul nostru. Acest website este administrat de de X-PERT ALUMINIU S.R.L., persoan\u0103 juridic\u0103 rom\u00e2n\u0103, cu sediul social \u00een Mun. Ploiesti, Sos. Ploiesti-Targoviste km.8, Str. Piramidei nr. 6 A, Jude\u021b Prahova, \u00eenregistrat\u0103 la Registrul Comer\u021bului sub [&hellip;]\" \/>\n<meta property=\"og:url\" content=\"https:\/\/xpertaluminiu.ro\/en\/termeni-si-conditii\/\" \/>\n<meta property=\"og:site_name\" content=\"Xpert\" \/>\n<meta property=\"article:publisher\" content=\"https:\/\/www.facebook.com\/xpertaluminiu\" \/>\n<meta property=\"article:modified_time\" content=\"2024-01-18T13:54:57+00:00\" \/>\n<meta property=\"og:image\" content=\"https:\/\/xpertaluminiu.ro\/wp-content\/uploads\/2025\/09\/XperAluminiul-logo.jpg\" \/>\n\t<meta property=\"og:image:width\" content=\"1200\" \/>\n\t<meta property=\"og:image:height\" content=\"700\" \/>\n\t<meta property=\"og:image:type\" content=\"image\/jpeg\" \/>\n<meta name=\"twitter:card\" content=\"summary_large_image\" \/>\n<meta name=\"twitter:label1\" content=\"Estimated reading time\" \/>\n\t<meta name=\"twitter:data1\" content=\"7 minutes\" \/>\n<script type=\"application\/ld+json\" class=\"yoast-schema-graph\">{\"@context\":\"https:\/\/schema.org\",\"@graph\":[{\"@type\":\"WebPage\",\"@id\":\"https:\/\/xpertaluminiu.ro\/termeni-si-conditii\/\",\"url\":\"https:\/\/xpertaluminiu.ro\/termeni-si-conditii\/\",\"name\":\"Termeni \u0219i condi\u021bii - Xpert\",\"isPartOf\":{\"@id\":\"https:\/\/xpertaluminiu.ro\/#website\"},\"datePublished\":\"2024-01-17T13:29:07+00:00\",\"dateModified\":\"2024-01-18T13:54:57+00:00\",\"breadcrumb\":{\"@id\":\"https:\/\/xpertaluminiu.ro\/termeni-si-conditii\/#breadcrumb\"},\"inLanguage\":\"en-GB\",\"potentialAction\":[{\"@type\":\"ReadAction\",\"target\":[\"https:\/\/xpertaluminiu.ro\/termeni-si-conditii\/\"]}]},{\"@type\":\"BreadcrumbList\",\"@id\":\"https:\/\/xpertaluminiu.ro\/termeni-si-conditii\/#breadcrumb\",\"itemListElement\":[{\"@type\":\"ListItem\",\"position\":1,\"name\":\"Home\",\"item\":\"https:\/\/xpertaluminiu.ro\/\"},{\"@type\":\"ListItem\",\"position\":2,\"name\":\"Termeni \u0219i condi\u021bii\"}]},{\"@type\":\"WebSite\",\"@id\":\"https:\/\/xpertaluminiu.ro\/#website\",\"url\":\"https:\/\/xpertaluminiu.ro\/\",\"name\":\"Xpertaluminiu: Solu\u021bii \u00een t\u00e2mpl\u0103rie de aluminiu pentru afaceri\",\"description\":\"Solu\u021bii inovatoare pentru clien\u021bi performan\u021bi\",\"publisher\":{\"@id\":\"https:\/\/xpertaluminiu.ro\/#organization\"},\"potentialAction\":[{\"@type\":\"SearchAction\",\"target\":{\"@type\":\"EntryPoint\",\"urlTemplate\":\"https:\/\/xpertaluminiu.ro\/?s={search_term_string}\"},\"query-input\":{\"@type\":\"PropertyValueSpecification\",\"valueRequired\":true,\"valueName\":\"search_term_string\"}}],\"inLanguage\":\"en-GB\"},{\"@type\":\"Organization\",\"@id\":\"https:\/\/xpertaluminiu.ro\/#organization\",\"name\":\"Xpertaluminiu: Solu\u021bii \u00een t\u00e2mpl\u0103rie de aluminiu pentru afaceri\",\"url\":\"https:\/\/xpertaluminiu.ro\/\",\"logo\":{\"@type\":\"ImageObject\",\"inLanguage\":\"en-GB\",\"@id\":\"https:\/\/xpertaluminiu.ro\/#\/schema\/logo\/image\/\",\"url\":\"https:\/\/xpertaluminiu.ro\/wp-content\/uploads\/2022\/04\/logo-xpert.png\",\"contentUrl\":\"https:\/\/xpertaluminiu.ro\/wp-content\/uploads\/2022\/04\/logo-xpert.png\",\"width\":300,\"height\":152,\"caption\":\"Xpertaluminiu: Solu\u021bii \u00een t\u00e2mpl\u0103rie de aluminiu pentru afaceri\"},\"image\":{\"@id\":\"https:\/\/xpertaluminiu.ro\/#\/schema\/logo\/image\/\"},\"sameAs\":[\"https:\/\/www.facebook.com\/xpertaluminiu\",\"https:\/\/www.linkedin.com\/company\/xpertaluminiu\/\"]}]}<\/script>\n<!-- \/ Yoast SEO plugin. -->","yoast_head_json":{"title":"Termeni \u0219i condi\u021bii - Xpert","robots":{"index":"index","follow":"follow","max-snippet":"max-snippet:-1","max-image-preview":"max-image-preview:large","max-video-preview":"max-video-preview:-1"},"canonical":"https:\/\/xpertaluminiu.ro\/en\/termeni-si-conditii\/","og_locale":"en_GB","og_type":"article","og_title":"Termeni \u0219i condi\u021bii - Xpert","og_description":"Termeni \u0219i condi\u021bii Home Termeni \u0219i condi\u021bii Termeni \u0219i condi\u021bii PENTRU UTILIZAREA WEBSITE-ULUI\u00a0XPERTALUMINIU.RO ASPECTE INTRODUCTIVE Va mul\u021bumim ca a\u021bi accesat website-ul nostru. Acest website este administrat de de X-PERT ALUMINIU S.R.L., persoan\u0103 juridic\u0103 rom\u00e2n\u0103, cu sediul social \u00een Mun. Ploiesti, Sos. Ploiesti-Targoviste km.8, Str. Piramidei nr. 6 A, Jude\u021b Prahova, \u00eenregistrat\u0103 la Registrul Comer\u021bului sub [&hellip;]","og_url":"https:\/\/xpertaluminiu.ro\/en\/termeni-si-conditii\/","og_site_name":"Xpert","article_publisher":"https:\/\/www.facebook.com\/xpertaluminiu","article_modified_time":"2024-01-18T13:54:57+00:00","og_image":[{"width":1200,"height":700,"url":"https:\/\/xpertaluminiu.ro\/wp-content\/uploads\/2025\/09\/XperAluminiul-logo.jpg","type":"image\/jpeg"}],"twitter_card":"summary_large_image","twitter_misc":{"Estimated reading time":"7 minutes"},"schema":{"@context":"https:\/\/schema.org","@graph":[{"@type":"WebPage","@id":"https:\/\/xpertaluminiu.ro\/termeni-si-conditii\/","url":"https:\/\/xpertaluminiu.ro\/termeni-si-conditii\/","name":"Termeni \u0219i condi\u021bii - Xpert","isPartOf":{"@id":"https:\/\/xpertaluminiu.ro\/#website"},"datePublished":"2024-01-17T13:29:07+00:00","dateModified":"2024-01-18T13:54:57+00:00","breadcrumb":{"@id":"https:\/\/xpertaluminiu.ro\/termeni-si-conditii\/#breadcrumb"},"inLanguage":"en-GB","potentialAction":[{"@type":"ReadAction","target":["https:\/\/xpertaluminiu.ro\/termeni-si-conditii\/"]}]},{"@type":"BreadcrumbList","@id":"https:\/\/xpertaluminiu.ro\/termeni-si-conditii\/#breadcrumb","itemListElement":[{"@type":"ListItem","position":1,"name":"Home","item":"https:\/\/xpertaluminiu.ro\/"},{"@type":"ListItem","position":2,"name":"Termeni \u0219i condi\u021bii"}]},{"@type":"WebSite","@id":"https:\/\/xpertaluminiu.ro\/#website","url":"https:\/\/xpertaluminiu.ro\/","name":"Xpertaluminiu: Solu\u021bii \u00een t\u00e2mpl\u0103rie de aluminiu pentru afaceri","description":"Solu\u021bii inovatoare pentru clien\u021bi performan\u021bi","publisher":{"@id":"https:\/\/xpertaluminiu.ro\/#organization"},"potentialAction":[{"@type":"SearchAction","target":{"@type":"EntryPoint","urlTemplate":"https:\/\/xpertaluminiu.ro\/?s={search_term_string}"},"query-input":{"@type":"PropertyValueSpecification","valueRequired":true,"valueName":"search_term_string"}}],"inLanguage":"en-GB"},{"@type":"Organization","@id":"https:\/\/xpertaluminiu.ro\/#organization","name":"Xpertaluminiu: Solu\u021bii \u00een t\u00e2mpl\u0103rie de aluminiu pentru afaceri","url":"https:\/\/xpertaluminiu.ro\/","logo":{"@type":"ImageObject","inLanguage":"en-GB","@id":"https:\/\/xpertaluminiu.ro\/#\/schema\/logo\/image\/","url":"https:\/\/xpertaluminiu.ro\/wp-content\/uploads\/2022\/04\/logo-xpert.png","contentUrl":"https:\/\/xpertaluminiu.ro\/wp-content\/uploads\/2022\/04\/logo-xpert.png","width":300,"height":152,"caption":"Xpertaluminiu: Solu\u021bii \u00een t\u00e2mpl\u0103rie de aluminiu pentru afaceri"},"image":{"@id":"https:\/\/xpertaluminiu.ro\/#\/schema\/logo\/image\/"},"sameAs":["https:\/\/www.facebook.com\/xpertaluminiu","https:\/\/www.linkedin.com\/company\/xpertaluminiu\/"]}]}},"_links":{"self":[{"href":"https:\/\/xpertaluminiu.ro\/en\/wp-json\/wp\/v2\/pages\/2144","targetHints":{"allow":["GET"]}}],"collection":[{"href":"https:\/\/xpertaluminiu.ro\/en\/wp-json\/wp\/v2\/pages"}],"about":[{"href":"https:\/\/xpertaluminiu.ro\/en\/wp-json\/wp\/v2\/types\/page"}],"author":[{"embeddable":true,"href":"https:\/\/xpertaluminiu.ro\/en\/wp-json\/wp\/v2\/users\/1"}],"replies":[{"embeddable":true,"href":"https:\/\/xpertaluminiu.ro\/en\/wp-json\/wp\/v2\/comments?post=2144"}],"version-history":[{"count":0,"href":"https:\/\/xpertaluminiu.ro\/en\/wp-json\/wp\/v2\/pages\/2144\/revisions"}],"wp:attachment":[{"href":"https:\/\/xpertaluminiu.ro\/en\/wp-json\/wp\/v2\/media?parent=2144"}],"curies":[{"name":"wp","href":"https:\/\/api.w.org\/{rel}","templated":true}]}}