{"id":2152,"date":"2024-01-17T15:36:53","date_gmt":"2024-01-17T13:36:53","guid":{"rendered":"https:\/\/xpertaluminiu.ro\/?page_id=2152"},"modified":"2024-01-18T15:39:59","modified_gmt":"2024-01-18T13:39:59","slug":"politica-de-cookies","status":"publish","type":"page","link":"https:\/\/xpertaluminiu.ro\/en\/politica-de-cookies\/","title":{"rendered":"Cookies policy"},"content":{"rendered":"<div data-elementor-type=\"wp-page\" data-elementor-id=\"2152\" class=\"elementor elementor-2152\" data-elementor-post-type=\"page\">\n\t\t\t\t\t\t<section class=\"elementor-section elementor-top-section elementor-element elementor-element-754b658c elementor-section-boxed elementor-section-height-default elementor-section-height-default\" data-id=\"754b658c\" data-element_type=\"section\" data-e-type=\"section\" data-settings=\"{&quot;background_background&quot;:&quot;classic&quot;}\">\n\t\t\t\t\t\t<div class=\"elementor-container elementor-column-gap-default\">\n\t\t\t\t\t<div class=\"elementor-column elementor-col-100 elementor-top-column elementor-element elementor-element-405e2da3\" data-id=\"405e2da3\" data-element_type=\"column\" data-e-type=\"column\">\n\t\t\t<div class=\"elementor-widget-wrap elementor-element-populated\">\n\t\t\t\t\t\t<div class=\"elementor-element elementor-element-606f8be9 elementor-invisible elementor-widget elementor-widget-heading\" data-id=\"606f8be9\" data-element_type=\"widget\" data-e-type=\"widget\" data-settings=\"{&quot;_animation&quot;:&quot;fadeInUp&quot;}\" data-widget_type=\"heading.default\">\n\t\t\t\t<div class=\"elementor-widget-container\">\n\t\t\t\t\t<h3 class=\"elementor-heading-title elementor-size-default\">Cookies policy<\/h3>\t\t\t\t<\/div>\n\t\t\t\t<\/div>\n\t\t\t\t<div class=\"elementor-element elementor-element-77cf5c36 elementor-icon-list--layout-inline elementor-align-center elementor-list-item-link-full_width elementor-invisible elementor-widget elementor-widget-icon-list\" data-id=\"77cf5c36\" data-element_type=\"widget\" data-e-type=\"widget\" data-settings=\"{&quot;_animation&quot;:&quot;fadeInUp&quot;}\" data-widget_type=\"icon-list.default\">\n\t\t\t\t<div class=\"elementor-widget-container\">\n\t\t\t\t\t\t\t<ul class=\"elementor-icon-list-items elementor-inline-items\">\n\t\t\t\t\t\t\t<li class=\"elementor-icon-list-item elementor-inline-item\">\n\t\t\t\t\t\t\t\t\t\t\t<a href=\"#\">\n\n\t\t\t\t\t\t\t\t\t\t\t<span class=\"elementor-icon-list-text\">Home<\/span>\n\t\t\t\t\t\t\t\t\t\t\t<\/a>\n\t\t\t\t\t\t\t\t\t<\/li>\n\t\t\t\t\t\t\t\t<li class=\"elementor-icon-list-item elementor-inline-item\">\n\t\t\t\t\t\t\t\t\t\t<span class=\"elementor-icon-list-text\">Cookies policy<\/span>\n\t\t\t\t\t\t\t\t\t<\/li>\n\t\t\t\t\t\t<\/ul>\n\t\t\t\t\t\t<\/div>\n\t\t\t\t<\/div>\n\t\t\t\t\t<\/div>\n\t\t<\/div>\n\t\t\t\t\t<\/div>\n\t\t<\/section>\n\t\t\t\t<section class=\"elementor-section elementor-top-section elementor-element elementor-element-1f3b9681 elementor-section-boxed elementor-section-height-default elementor-section-height-default\" data-id=\"1f3b9681\" data-element_type=\"section\" data-e-type=\"section\">\n\t\t\t\t\t\t<div class=\"elementor-container elementor-column-gap-default\">\n\t\t\t\t\t<div class=\"elementor-column elementor-col-100 elementor-top-column elementor-element elementor-element-327f22f0\" data-id=\"327f22f0\" data-element_type=\"column\" data-e-type=\"column\">\n\t\t\t<div class=\"elementor-widget-wrap elementor-element-populated\">\n\t\t\t\t\t\t<div class=\"elementor-element elementor-element-32238f0a continut-politica elementor-widget elementor-widget-text-editor\" data-id=\"32238f0a\" data-element_type=\"widget\" data-e-type=\"widget\" data-widget_type=\"text-editor.default\">\n\t\t\t\t<div class=\"elementor-widget-container\">\n\t\t\t\t\t\t\t\t\t<p style=\"text-align: center;\"><strong>Politica de utilizare a cookies<\/strong><\/p><p>Utiliz\u00e2nd acest site, sunte\u021bi de acord cu modul de utilizare de c\u0103tre noi a cookie-urilor, \u00een conformitate cu aceast\u0103 Politic\u0103 privind utilizarea lor.<\/p><p><strong>Ce sunt cookies?<\/strong><\/p><p>Sunt fi\u0219iere de mici dimensiuni, formate din litere \u0219i numere, care vor fi stocate pe computerul, terminalul mobil sau alte echipamente ale unui utilizator de pe care se acceseaz\u0103 Internetul.<\/p><p>Cookies sunt instalate prin solicitarea emis\u0103 de c\u0103tre un web-server, unui browser (ex: Internet Explorer, Chrome, Mozilla) \u0219i este complet \u201cpasiv\u201d (nu con\u021bine programe software, viru\u0219i sau spyware \u0219i nu poate accesa informa\u021biile de pe hard-driveul utilizatorului).<\/p><p>Cookies nu solicit\u0103 informa\u021bii cu caracter personal \u0219i nu identific\u0103 personal utilizatorii de internet si, \u00een cele mai multe cazuri, nu identific\u0103 personal utilizatorii de internet.<\/p><p><strong>Ce tip de informa\u021bii sunt stocate \u0219i accesate prin intermediul cookies?<\/strong><\/p><p>Cookies pastreaz\u0103 informa\u021bii \u00eentr-un fi\u0219ier text de mici dimensiuni care permit unui website s\u0103 recunoasc\u0103 un browser. Webserverul va recunoa\u0219te browserul p\u00e2n\u0103 c\u00e2nd cookie-ul expir\u0103 sau este \u0219ters. Cookies stocheaz\u0103 informa\u021bii importante care \u00eembun\u0103t\u0103\u021besc experien\u021ba de navigare pe Internet (ex: set\u0103rile limbii \u00een care se dore\u0219te accesarea unui site, p\u0103strarea unui user logat, etc).<\/p><p><strong>Pentru ce folosim cookies?<\/strong><\/p><p>Folosim cookies pentru:<\/p><ul><li>\u00eembun\u0103t\u0103\u021birea timpului de r\u0103spuns la accesarea paginilor de pe site;<\/li><li>acces la informa\u021bia dinamic\u0103 de pe site;<\/li><li>\u00eenregistrarea preferin\u021belor de navigare;<\/li><li>identificarea traseului de navigare al utilizatorilor pe site pentru afi\u0219area sondajelor de opinie;<\/li><li>afi\u0219area de con\u021binut personalizat, corespunz\u0103tor rolului \u0219i drepturilor unui utilizator;<\/li><li>analiza vizitatorilor, \u00een vederea \u00eembun\u0103t\u0103\u0163irii experien\u0163ei pe site.<\/li><\/ul><p>Cu ajutorul Google Analytics, colect\u0103m date anonime despre vizitele pe site-ul nostru. Atunci c\u00e2nd te autentifici pe acest site, gener\u0103m un cookie care ne anun\u0163\u0103 dac\u0103 e\u015fti autentificat. Serverele noastre folosesc aceste cookies pentru a ne ar\u0103ta contul cu care e\u015fti autentificat \u015fi care sunt permisiunile pe care le ai pentru anumite servicii, \u00eenregistrarea temporar\u0103 a con\u021binutului vizualizat anterior de utilizator, pentru afi\u0219area de con\u021binut relevant \u00een continuare navig\u0103rii, afi\u0219area sondajelor de opinie.<\/p><p><strong>De ce sunt cookies importante pentru Internet?<\/strong><\/p><p>Cookies reprezint\u0103 punctul central al func\u021bion\u0103rii eficiente a Internetului, ajut\u00e2nd la generarea unei experien\u021be de navigare prietenoase \u0219i adaptat\u0103 preferin\u021belor \u0219i intereselor fiec\u0103rui utilizator. Refuzarea sau dezactivarea cookies poate face unele site-uri imposibil de folosit.<\/p><p>Refuzarea sau dezactivarea cookies nu \u00eenseamn\u0103 c\u0103 nu ve\u021bi mai primi publicitate online, ci doar c\u0103 aceasta nu va mai putea \u021bine cont de preferin\u021bele \u0219i interesele dumneavoastr\u0103, eviden\u021biate prin comportamentul de navigare.<\/p><p><strong>Cookies ter\u021be<\/strong><\/p><p>Cookies primare provin de pe acela\u0219i domeniu ca \u0219i site-ul pe care \u00eel vizitezi \u00een momentul respectiv (\u00een cazul de fa\u021b\u0103, www.vertical.ro).<\/p><p>Cookies ter\u021be provin dintr-un domeniu diferit de site-ul pe care \u00eel vizitezi. De exemplu, atunci c\u00e2nd vizitezi site-ul nostru, putem include un link c\u0103tre site-ul unei alte societ\u0103\u021bi \u2013 cum ar fi contul nostru de Facebook sau Twitter sau un video de pe pagina noastr\u0103 de YouTube.<\/p><p>Afilia\u021bii din Vertical Design S.R.L., cu un nume de domeniu diferit pot plasa, de asemenea, cookies pe site-ul nostru, pentru a-\u021bi publica reclame sau pagini ale altor societ\u0103\u021bi din grupul Vertical Design S.R.L. care pot prezenta interes pentru tine.<\/p><p>Ter\u021bele p\u0103r\u021bi care pot pune cookies pe site-ul nostru sunt urm\u0103toarele: Google, Facebook, Instagram. Folosim aceste cookies pentru:<\/p><ul><li>a distinge utilizatori diferi\u021bi, \u00een scopul afi\u0219\u0103rii de publicitate pe site;<\/li><li>a livra, m\u0103sura \u0219i \u00eembun\u0103t\u0103\u021bi relevan\u021ba reclamelor;<\/li><li>a \u00eenregistra renun\u021barea utilizatorului la afi\u0219area de publicitate;<\/li><li>personalizarea reclamelor pe Google Search (cele mai recente c\u0103utari, interac\u021biunile anterioare cu reclamele sau rezultatele c\u0103utarii, precum \u0219i vizitele utilizatorului pe site);<\/li><li>publicitatea pe care Google o serve\u0219te pe web;<\/li><li>m\u0103surarea interac\u021biunilor cu reclamele pe domeniul plasat \u0219i pentru a preveni afi\u0219area prea frecvent\u0103 a acestora.<\/li><\/ul>\t\t\t\t\t\t\t\t<\/div>\n\t\t\t\t<\/div>\n\t\t\t\t\t<\/div>\n\t\t<\/div>\n\t\t\t\t\t<\/div>\n\t\t<\/section>\n\t\t\t\t<\/div>","protected":false},"excerpt":{"rendered":"<p>Politic\u0103 de cookies Home Politic\u0103 de cookies Politica de utilizare a cookies Utiliz\u00e2nd acest site, sunte\u021bi de acord cu modul de utilizare de c\u0103tre noi a cookie-urilor, \u00een conformitate cu aceast\u0103 Politic\u0103 privind utilizarea lor. Ce sunt cookies? Sunt fi\u0219iere de mici dimensiuni, formate din litere \u0219i numere, care vor fi stocate pe computerul, terminalul [&hellip;]<\/p>","protected":false},"author":1,"featured_media":0,"parent":0,"menu_order":0,"comment_status":"closed","ping_status":"closed","template":"elementor_header_footer","meta":{"footnotes":""},"class_list":["post-2152","page","type-page","status-publish","hentry"],"yoast_head":"<!-- This site is optimized with the Yoast SEO plugin v26.9 - https:\/\/yoast.com\/product\/yoast-seo-wordpress\/ -->\n<title>Politic\u0103 de cookies - Xpert<\/title>\n<meta name=\"robots\" content=\"index, follow, max-snippet:-1, max-image-preview:large, max-video-preview:-1\" \/>\n<link rel=\"canonical\" href=\"https:\/\/xpertaluminiu.ro\/en\/politica-de-cookies\/\" \/>\n<meta property=\"og:locale\" content=\"en_GB\" \/>\n<meta property=\"og:type\" content=\"article\" \/>\n<meta property=\"og:title\" content=\"Politic\u0103 de cookies - Xpert\" \/>\n<meta property=\"og:description\" content=\"Politic\u0103 de cookies Home Politic\u0103 de cookies Politica de utilizare a cookies Utiliz\u00e2nd acest site, sunte\u021bi de acord cu modul de utilizare de c\u0103tre noi a cookie-urilor, \u00een conformitate cu aceast\u0103 Politic\u0103 privind utilizarea lor. Ce sunt cookies? Sunt fi\u0219iere de mici dimensiuni, formate din litere \u0219i numere, care vor fi stocate pe computerul, terminalul [&hellip;]\" \/>\n<meta property=\"og:url\" content=\"https:\/\/xpertaluminiu.ro\/en\/politica-de-cookies\/\" \/>\n<meta property=\"og:site_name\" content=\"Xpert\" \/>\n<meta property=\"article:publisher\" content=\"https:\/\/www.facebook.com\/xpertaluminiu\" \/>\n<meta property=\"article:modified_time\" content=\"2024-01-18T13:39:59+00:00\" \/>\n<meta property=\"og:image\" content=\"https:\/\/xpertaluminiu.ro\/wp-content\/uploads\/2025\/09\/XperAluminiul-logo.jpg\" \/>\n\t<meta property=\"og:image:width\" content=\"1200\" \/>\n\t<meta property=\"og:image:height\" content=\"700\" \/>\n\t<meta property=\"og:image:type\" content=\"image\/jpeg\" \/>\n<meta name=\"twitter:card\" content=\"summary_large_image\" \/>\n<meta name=\"twitter:label1\" content=\"Estimated reading time\" \/>\n\t<meta name=\"twitter:data1\" content=\"3 minutes\" \/>\n<script type=\"application\/ld+json\" class=\"yoast-schema-graph\">{\"@context\":\"https:\/\/schema.org\",\"@graph\":[{\"@type\":\"WebPage\",\"@id\":\"https:\/\/xpertaluminiu.ro\/politica-de-cookies\/\",\"url\":\"https:\/\/xpertaluminiu.ro\/politica-de-cookies\/\",\"name\":\"Politic\u0103 de cookies - Xpert\",\"isPartOf\":{\"@id\":\"https:\/\/xpertaluminiu.ro\/#website\"},\"datePublished\":\"2024-01-17T13:36:53+00:00\",\"dateModified\":\"2024-01-18T13:39:59+00:00\",\"breadcrumb\":{\"@id\":\"https:\/\/xpertaluminiu.ro\/politica-de-cookies\/#breadcrumb\"},\"inLanguage\":\"en-GB\",\"potentialAction\":[{\"@type\":\"ReadAction\",\"target\":[\"https:\/\/xpertaluminiu.ro\/politica-de-cookies\/\"]}]},{\"@type\":\"BreadcrumbList\",\"@id\":\"https:\/\/xpertaluminiu.ro\/politica-de-cookies\/#breadcrumb\",\"itemListElement\":[{\"@type\":\"ListItem\",\"position\":1,\"name\":\"Home\",\"item\":\"https:\/\/xpertaluminiu.ro\/\"},{\"@type\":\"ListItem\",\"position\":2,\"name\":\"Politic\u0103 de cookies\"}]},{\"@type\":\"WebSite\",\"@id\":\"https:\/\/xpertaluminiu.ro\/#website\",\"url\":\"https:\/\/xpertaluminiu.ro\/\",\"name\":\"Xpertaluminiu: Solu\u021bii \u00een t\u00e2mpl\u0103rie de aluminiu pentru afaceri\",\"description\":\"Solu\u021bii inovatoare pentru clien\u021bi performan\u021bi\",\"publisher\":{\"@id\":\"https:\/\/xpertaluminiu.ro\/#organization\"},\"potentialAction\":[{\"@type\":\"SearchAction\",\"target\":{\"@type\":\"EntryPoint\",\"urlTemplate\":\"https:\/\/xpertaluminiu.ro\/?s={search_term_string}\"},\"query-input\":{\"@type\":\"PropertyValueSpecification\",\"valueRequired\":true,\"valueName\":\"search_term_string\"}}],\"inLanguage\":\"en-GB\"},{\"@type\":\"Organization\",\"@id\":\"https:\/\/xpertaluminiu.ro\/#organization\",\"name\":\"Xpertaluminiu: Solu\u021bii \u00een t\u00e2mpl\u0103rie de aluminiu pentru afaceri\",\"url\":\"https:\/\/xpertaluminiu.ro\/\",\"logo\":{\"@type\":\"ImageObject\",\"inLanguage\":\"en-GB\",\"@id\":\"https:\/\/xpertaluminiu.ro\/#\/schema\/logo\/image\/\",\"url\":\"https:\/\/xpertaluminiu.ro\/wp-content\/uploads\/2022\/04\/logo-xpert.png\",\"contentUrl\":\"https:\/\/xpertaluminiu.ro\/wp-content\/uploads\/2022\/04\/logo-xpert.png\",\"width\":300,\"height\":152,\"caption\":\"Xpertaluminiu: Solu\u021bii \u00een t\u00e2mpl\u0103rie de aluminiu pentru afaceri\"},\"image\":{\"@id\":\"https:\/\/xpertaluminiu.ro\/#\/schema\/logo\/image\/\"},\"sameAs\":[\"https:\/\/www.facebook.com\/xpertaluminiu\",\"https:\/\/www.linkedin.com\/company\/xpertaluminiu\/\"]}]}<\/script>\n<!-- \/ Yoast SEO plugin. -->","yoast_head_json":{"title":"Politic\u0103 de cookies - Xpert","robots":{"index":"index","follow":"follow","max-snippet":"max-snippet:-1","max-image-preview":"max-image-preview:large","max-video-preview":"max-video-preview:-1"},"canonical":"https:\/\/xpertaluminiu.ro\/en\/politica-de-cookies\/","og_locale":"en_GB","og_type":"article","og_title":"Politic\u0103 de cookies - Xpert","og_description":"Politic\u0103 de cookies Home Politic\u0103 de cookies Politica de utilizare a cookies Utiliz\u00e2nd acest site, sunte\u021bi de acord cu modul de utilizare de c\u0103tre noi a cookie-urilor, \u00een conformitate cu aceast\u0103 Politic\u0103 privind utilizarea lor. Ce sunt cookies? Sunt fi\u0219iere de mici dimensiuni, formate din litere \u0219i numere, care vor fi stocate pe computerul, terminalul [&hellip;]","og_url":"https:\/\/xpertaluminiu.ro\/en\/politica-de-cookies\/","og_site_name":"Xpert","article_publisher":"https:\/\/www.facebook.com\/xpertaluminiu","article_modified_time":"2024-01-18T13:39:59+00:00","og_image":[{"width":1200,"height":700,"url":"https:\/\/xpertaluminiu.ro\/wp-content\/uploads\/2025\/09\/XperAluminiul-logo.jpg","type":"image\/jpeg"}],"twitter_card":"summary_large_image","twitter_misc":{"Estimated reading time":"3 minutes"},"schema":{"@context":"https:\/\/schema.org","@graph":[{"@type":"WebPage","@id":"https:\/\/xpertaluminiu.ro\/politica-de-cookies\/","url":"https:\/\/xpertaluminiu.ro\/politica-de-cookies\/","name":"Politic\u0103 de cookies - Xpert","isPartOf":{"@id":"https:\/\/xpertaluminiu.ro\/#website"},"datePublished":"2024-01-17T13:36:53+00:00","dateModified":"2024-01-18T13:39:59+00:00","breadcrumb":{"@id":"https:\/\/xpertaluminiu.ro\/politica-de-cookies\/#breadcrumb"},"inLanguage":"en-GB","potentialAction":[{"@type":"ReadAction","target":["https:\/\/xpertaluminiu.ro\/politica-de-cookies\/"]}]},{"@type":"BreadcrumbList","@id":"https:\/\/xpertaluminiu.ro\/politica-de-cookies\/#breadcrumb","itemListElement":[{"@type":"ListItem","position":1,"name":"Home","item":"https:\/\/xpertaluminiu.ro\/"},{"@type":"ListItem","position":2,"name":"Politic\u0103 de cookies"}]},{"@type":"WebSite","@id":"https:\/\/xpertaluminiu.ro\/#website","url":"https:\/\/xpertaluminiu.ro\/","name":"Xpertaluminiu: Solu\u021bii \u00een t\u00e2mpl\u0103rie de aluminiu pentru afaceri","description":"Solu\u021bii inovatoare pentru clien\u021bi performan\u021bi","publisher":{"@id":"https:\/\/xpertaluminiu.ro\/#organization"},"potentialAction":[{"@type":"SearchAction","target":{"@type":"EntryPoint","urlTemplate":"https:\/\/xpertaluminiu.ro\/?s={search_term_string}"},"query-input":{"@type":"PropertyValueSpecification","valueRequired":true,"valueName":"search_term_string"}}],"inLanguage":"en-GB"},{"@type":"Organization","@id":"https:\/\/xpertaluminiu.ro\/#organization","name":"Xpertaluminiu: Solu\u021bii \u00een t\u00e2mpl\u0103rie de aluminiu pentru afaceri","url":"https:\/\/xpertaluminiu.ro\/","logo":{"@type":"ImageObject","inLanguage":"en-GB","@id":"https:\/\/xpertaluminiu.ro\/#\/schema\/logo\/image\/","url":"https:\/\/xpertaluminiu.ro\/wp-content\/uploads\/2022\/04\/logo-xpert.png","contentUrl":"https:\/\/xpertaluminiu.ro\/wp-content\/uploads\/2022\/04\/logo-xpert.png","width":300,"height":152,"caption":"Xpertaluminiu: Solu\u021bii \u00een t\u00e2mpl\u0103rie de aluminiu pentru afaceri"},"image":{"@id":"https:\/\/xpertaluminiu.ro\/#\/schema\/logo\/image\/"},"sameAs":["https:\/\/www.facebook.com\/xpertaluminiu","https:\/\/www.linkedin.com\/company\/xpertaluminiu\/"]}]}},"_links":{"self":[{"href":"https:\/\/xpertaluminiu.ro\/en\/wp-json\/wp\/v2\/pages\/2152","targetHints":{"allow":["GET"]}}],"collection":[{"href":"https:\/\/xpertaluminiu.ro\/en\/wp-json\/wp\/v2\/pages"}],"about":[{"href":"https:\/\/xpertaluminiu.ro\/en\/wp-json\/wp\/v2\/types\/page"}],"author":[{"embeddable":true,"href":"https:\/\/xpertaluminiu.ro\/en\/wp-json\/wp\/v2\/users\/1"}],"replies":[{"embeddable":true,"href":"https:\/\/xpertaluminiu.ro\/en\/wp-json\/wp\/v2\/comments?post=2152"}],"version-history":[{"count":0,"href":"https:\/\/xpertaluminiu.ro\/en\/wp-json\/wp\/v2\/pages\/2152\/revisions"}],"wp:attachment":[{"href":"https:\/\/xpertaluminiu.ro\/en\/wp-json\/wp\/v2\/media?parent=2152"}],"curies":[{"name":"wp","href":"https:\/\/api.w.org\/{rel}","templated":true}]}}